{"id":17,"date":"2025-10-23T06:40:28","date_gmt":"2025-10-23T06:40:28","guid":{"rendered":"https:\/\/silverdahl.cz\/?page_id=17"},"modified":"2025-10-31T08:59:10","modified_gmt":"2025-10-31T08:59:10","slug":"o-nas","status":"publish","type":"page","link":"https:\/\/silverdahl.cz\/en\/o-nas\/","title":{"rendered":"Our services"},"content":{"rendered":"<div class=\"wp-block-columns is-layout-flex wp-container-core-columns-is-layout-28f84493 wp-block-columns-is-layout-flex\">\n<div class=\"wp-block-column is-layout-flow wp-block-column-is-layout-flow\">\n<figure class=\"wp-block-gallery has-nested-images columns-default is-cropped wp-block-gallery-1 is-layout-flex wp-block-gallery-is-layout-flex\">\n<figure class=\"wp-block-image size-large\"><img loading=\"lazy\" decoding=\"async\" width=\"679\" height=\"509\" data-id=\"104\" src=\"http:\/\/silverdahl.cz\/wp-content\/uploads\/2025\/10\/05-1-edited.jpg\" alt=\"\" class=\"wp-image-104\" srcset=\"https:\/\/silverdahl.cz\/wp-content\/uploads\/2025\/10\/05-1-edited.jpg 679w, https:\/\/silverdahl.cz\/wp-content\/uploads\/2025\/10\/05-1-edited-300x225.jpg 300w, https:\/\/silverdahl.cz\/wp-content\/uploads\/2025\/10\/05-1-edited-16x12.jpg 16w\" sizes=\"auto, (max-width: 679px) 100vw, 679px\" \/><\/figure>\n<\/figure>\n<\/div>\n\n\n\n<div class=\"wp-block-column is-layout-flow wp-block-column-is-layout-flow\">\n<figure class=\"wp-block-gallery has-nested-images columns-default is-cropped wp-block-gallery-2 is-layout-flex wp-block-gallery-is-layout-flex\">\n<figure class=\"wp-block-image size-large\"><img loading=\"lazy\" decoding=\"async\" width=\"600\" height=\"450\" data-id=\"103\" src=\"http:\/\/silverdahl.cz\/wp-content\/uploads\/2025\/10\/depositphotos_71685905-stock-photo-businessman-writing-in-notepad-and-1-edited.webp\" alt=\"\" class=\"wp-image-103\" srcset=\"https:\/\/silverdahl.cz\/wp-content\/uploads\/2025\/10\/depositphotos_71685905-stock-photo-businessman-writing-in-notepad-and-1-edited.webp 600w, https:\/\/silverdahl.cz\/wp-content\/uploads\/2025\/10\/depositphotos_71685905-stock-photo-businessman-writing-in-notepad-and-1-edited-300x225.webp 300w, https:\/\/silverdahl.cz\/wp-content\/uploads\/2025\/10\/depositphotos_71685905-stock-photo-businessman-writing-in-notepad-and-1-edited-16x12.webp 16w\" sizes=\"auto, (max-width: 600px) 100vw, 600px\" \/><\/figure>\n<\/figure>\n<\/div>\n\n\n\n<div class=\"wp-block-column is-layout-flow wp-block-column-is-layout-flow\">\n<figure class=\"wp-block-gallery has-nested-images columns-default is-cropped wp-block-gallery-3 is-layout-flex wp-block-gallery-is-layout-flex\">\n<figure class=\"wp-block-image size-large\"><img loading=\"lazy\" decoding=\"async\" width=\"740\" height=\"556\" data-id=\"102\" src=\"http:\/\/silverdahl.cz\/wp-content\/uploads\/2025\/10\/montovana-hala-sklad-v-troubsku-795_740x556_1_0-1.jpg\" alt=\"\" class=\"wp-image-102\" srcset=\"https:\/\/silverdahl.cz\/wp-content\/uploads\/2025\/10\/montovana-hala-sklad-v-troubsku-795_740x556_1_0-1.jpg 740w, https:\/\/silverdahl.cz\/wp-content\/uploads\/2025\/10\/montovana-hala-sklad-v-troubsku-795_740x556_1_0-1-300x225.jpg 300w, https:\/\/silverdahl.cz\/wp-content\/uploads\/2025\/10\/montovana-hala-sklad-v-troubsku-795_740x556_1_0-1-16x12.jpg 16w\" sizes=\"auto, (max-width: 740px) 100vw, 740px\" \/><\/figure>\n<\/figure>\n<\/div>\n<\/div>\n\n\n\n<div class=\"wp-block-columns is-layout-flex wp-container-core-columns-is-layout-28f84493 wp-block-columns-is-layout-flex\">\n<div class=\"wp-block-column is-layout-flow wp-block-column-is-layout-flow\">\n<details class=\"wp-block-details is-layout-flow wp-block-details-is-layout-flow\"><summary>Customer Service<\/summary>\n<p><strong>Comprehensive operation of customer centers<\/strong>.<br>Complete call center services, including personnel and technical support.<\/p>\n\n\n\n<p><strong>Multichannel communication with customers<\/strong>. <br>Handling telephone, email, and chat contacts.<\/p>\n\n\n\n<p><strong>Processing orders, complaints, and inquiries<\/strong>.<br>Administrative and operational support for customers at every stage of the purchase process.<\/p>\n\n\n\n<p><strong>Retention and care for existing customers<\/strong>. <br>Actively maintaining relationships and encouraging repeat purchases.<\/p>\n\n\n\n<p><strong>Reporting and service optimization<\/strong>. <br>Regular performance evaluations and suggestions for improvement for the client.<\/p>\n<\/details>\n<\/div>\n\n\n\n<div class=\"wp-block-column is-layout-flow wp-block-column-is-layout-flow\">\n<details class=\"wp-block-details is-layout-flow wp-block-details-is-layout-flow\"><summary>Marketing support<\/summary>\n<p><strong>Coordination of marketing activities and campaigns<\/strong>.<br>External provision and management of marketing projects for clients.<\/p>\n\n\n\n<p><strong>Brand and product launch strategy<\/strong>. <br>Planning and organizing the launch of new products, including media and partners.<\/p>\n\n\n\n<p><strong>Outsourcing of marketing processes<\/strong>.<br>Takeover of operational activities, supplier management, and campaign logistics.<\/p>\n\n\n\n<p><strong>Management and updating of marketing databases<\/strong>.<br>Segmentation of target groups and preparation of data for campaigns. <\/p>\n\n\n\n<p><strong>Reporting and campaign evaluation<\/strong>. <br>Monitoring results and providing feedback for optimization.<\/p>\n<\/details>\n<\/div>\n\n\n\n<div class=\"wp-block-column is-layout-flow wp-block-column-is-layout-flow\">\n<details class=\"wp-block-details is-layout-flow wp-block-details-is-layout-flow\"><summary>Warehouse management<\/summary>\n<p><strong>Safe and efficient storage of goods<\/strong>.<br>Professional inventory management, including record keeping and movement control<\/p>\n\n\n\n<p><strong>Complete logistics support for orders<\/strong>.<br>Receiving, packing, assembling, and shipping parcels according to customer requirements<\/p>\n\n\n\n<p><strong>Outsourcing of warehouse processes<\/strong>.<br>Taking over warehouse operations and integrating them with sales and marketing activities.<\/p>\n\n\n\n<p><strong>Customs and international services<\/strong>.<br>Ensuring customs clearance of shipments, international flow of goods, and administration related to export or import.<\/p>\n\n\n\n<p><strong>Transportation and distribution services<\/strong>.<br>Cooperation with verified carriers and management of logistics flows to the end customer.<\/p>\n<\/details>\n<\/div>\n<\/div>\n\n\n\n<div class=\"wp-block-group is-nowrap is-layout-flex wp-container-core-group-is-layout-6c531013 wp-block-group-is-layout-flex\"><\/div>\n\n\n\n<h4 class=\"wp-block-heading has-text-align-center\"><strong>\"We are the bridge between your goals and satisfied customers.\"<\/strong><\/h4>\n\n\n\n<figure class=\"wp-block-image size-full\"><img loading=\"lazy\" decoding=\"async\" width=\"1000\" height=\"530\" src=\"http:\/\/silverdahl.cz\/wp-content\/uploads\/2025\/10\/kodan-malmo-most-1.jpg\" alt=\"\" class=\"wp-image-149\" srcset=\"https:\/\/silverdahl.cz\/wp-content\/uploads\/2025\/10\/kodan-malmo-most-1.jpg 1000w, https:\/\/silverdahl.cz\/wp-content\/uploads\/2025\/10\/kodan-malmo-most-1-300x159.jpg 300w, https:\/\/silverdahl.cz\/wp-content\/uploads\/2025\/10\/kodan-malmo-most-1-768x407.jpg 768w, https:\/\/silverdahl.cz\/wp-content\/uploads\/2025\/10\/kodan-malmo-most-1-18x10.jpg 18w\" sizes=\"auto, (max-width: 1000px) 100vw, 1000px\" \/><\/figure>","protected":false},"excerpt":{"rendered":"<p>&#8222;Jsme mostem mezi va\u0161imi c\u00edli a spokojen\u00fdmi z\u00e1kazn\u00edky&#8220;<\/p>","protected":false},"author":1,"featured_media":0,"parent":0,"menu_order":0,"comment_status":"closed","ping_status":"closed","template":"","meta":{"footnotes":""},"class_list":["post-17","page","type-page","status-publish","hentry"],"_links":{"self":[{"href":"https:\/\/silverdahl.cz\/en\/wp-json\/wp\/v2\/pages\/17","targetHints":{"allow":["GET"]}}],"collection":[{"href":"https:\/\/silverdahl.cz\/en\/wp-json\/wp\/v2\/pages"}],"about":[{"href":"https:\/\/silverdahl.cz\/en\/wp-json\/wp\/v2\/types\/page"}],"author":[{"embeddable":true,"href":"https:\/\/silverdahl.cz\/en\/wp-json\/wp\/v2\/users\/1"}],"replies":[{"embeddable":true,"href":"https:\/\/silverdahl.cz\/en\/wp-json\/wp\/v2\/comments?post=17"}],"version-history":[{"count":16,"href":"https:\/\/silverdahl.cz\/en\/wp-json\/wp\/v2\/pages\/17\/revisions"}],"predecessor-version":[{"id":156,"href":"https:\/\/silverdahl.cz\/en\/wp-json\/wp\/v2\/pages\/17\/revisions\/156"}],"wp:attachment":[{"href":"https:\/\/silverdahl.cz\/en\/wp-json\/wp\/v2\/media?parent=17"}],"curies":[{"name":"wp","href":"https:\/\/api.w.org\/{rel}","templated":true}]}}