{"id":15,"date":"2025-10-23T06:40:28","date_gmt":"2025-10-23T06:40:28","guid":{"rendered":"https:\/\/silverdahl.cz\/?page_id=15"},"modified":"2025-10-31T07:58:10","modified_gmt":"2025-10-31T07:58:10","slug":"uvodni-stranka","status":"publish","type":"page","link":"https:\/\/silverdahl.cz\/en\/","title":{"rendered":"\u00davodn\u00ed str\u00e1nka"},"content":{"rendered":"<div class=\"wp-block-cover alignfull is-light hestia-clear-top-padding\"><span aria-hidden=\"true\" class=\"wp-block-cover__background has-white-background-color has-background-dim-100 has-background-dim\"><\/span><div class=\"wp-block-cover__inner-container is-layout-flow wp-block-cover-is-layout-flow\">\n<h2 class=\"wp-block-heading has-text-align-center has-text-color\" style=\"color:#3c4858\">Co nab\u00edz\u00edme<\/h2>\n\n\n\n<div style=\"height:40px\" aria-hidden=\"true\" class=\"wp-block-spacer\"><\/div>\n\n\n\n<div class=\"wp-block-columns container is-layout-flex wp-container-core-columns-is-layout-28f84493 wp-block-columns-is-layout-flex\">\n<div class=\"wp-block-column is-layout-flow wp-block-column-is-layout-flow\">\n<figure class=\"wp-block-image aligncenter size-large\"><img decoding=\"async\" src=\"http:\/\/silverdahl.cz\/wp-content\/themes\/hestia\/assets\/img\/feat1.png\" alt=\"\" class=\"wp-image-70\"\/><\/figure>\n\n\n\n<h5 class=\"wp-block-heading has-text-align-center has-text-color\" style=\"color:#3c4858;font-size:clamp(14px, 0.875rem + ((1vw - 3.2px) * 0.488), 18px);px\">Marketing support<\/h5>\n\n\n\n<p class=\"has-text-align-center has-text-color\" style=\"color:#999999;font-size:14px\">We are aware of the fact that to succeed in today's highly competitive European market, a good business idea or the product itself do not suffice. Our mission is to design a personalized Marketing solution and integrate the flow of the services from effective customer recruitment to professional provision of customer support.<\/p>\n\n\n\n<div style=\"height:25px\" aria-hidden=\"true\" class=\"wp-block-spacer\"><\/div>\n<\/div>\n\n\n\n<div class=\"wp-block-column is-layout-flow wp-block-column-is-layout-flow\">\n<figure class=\"wp-block-image aligncenter size-large\"><img decoding=\"async\" src=\"http:\/\/silverdahl.cz\/wp-content\/themes\/hestia\/assets\/img\/feat2.png\" alt=\"\" class=\"wp-image-71\"\/><\/figure>\n\n\n\n<h5 class=\"wp-block-heading has-text-align-center has-text-color\" style=\"color:#3c4858;font-size:clamp(14px, 0.875rem + ((1vw - 3.2px) * 0.488), 18px);px\">Warehousing and logistics services<\/h5>\n\n\n\n<p class=\"has-text-align-center has-text-color\" style=\"color:#999999;font-size:14px\">Operating your own warehouse requires considerable expenses from acquire the premises to paying your personnel inventory software licensing. We offer our clients warehouse management including recording-keeping, quality control, inventory, packaging materials, and the subsequent transport of the goods to the end customers. This all we offer for considerably lower costs compared to opearting your own warehouse.<\/p>\n\n\n\n<div style=\"height:25px\" aria-hidden=\"true\" class=\"wp-block-spacer\"><\/div>\n<\/div>\n\n\n\n<div class=\"wp-block-column is-layout-flow wp-block-column-is-layout-flow\">\n<figure class=\"wp-block-image aligncenter size-large\"><img decoding=\"async\" src=\"http:\/\/silverdahl.cz\/wp-content\/themes\/hestia\/assets\/img\/feat3.png\" alt=\"\" class=\"wp-image-72\"\/><\/figure>\n\n\n\n<h5 class=\"wp-block-heading has-text-align-center has-text-color\" style=\"color:#3c4858;font-size:clamp(14px, 0.875rem + ((1vw - 3.2px) * 0.488), 18px);px\">Customer Service<\/h5>\n\n\n\n<p class=\"has-text-align-center has-text-color\" style=\"color:#999999;font-size:14px\">In the area of Customer Service, SILVERDAHL offers services of a dynamic multimedia contact center that enables usage of not only the voice services, but also many other modern electronic ways of communication. The possibilities of our Contact Center keep developing and optimizing, in relation to technological development and market requirements.<\/p>\n\n\n\n<div style=\"height:25px\" aria-hidden=\"true\" class=\"wp-block-spacer\"><\/div>\n<\/div>\n<\/div>\n\n\n\n<div style=\"height:40px\" aria-hidden=\"true\" class=\"wp-block-spacer\"><\/div>\n<\/div><\/div>\n\n\n\n<div class=\"wp-block-columns container is-layout-flex wp-container-core-columns-is-layout-28f84493 wp-block-columns-is-layout-flex\">\n<div class=\"wp-block-column col-md-5 is-layout-flow wp-block-column-is-layout-flow\">\n<div style=\"height:55px\" aria-hidden=\"true\" class=\"wp-block-spacer\"><\/div>\n\n\n\n<h2 class=\"wp-block-heading\">V\u00edce informac\u00ed<\/h2>\n\n\n\n<p>Kontaktujete n\u00e1s a zjist\u011bte jak m\u016f\u017eeme b\u00fdt n\u00e1pomocni i Va\u0161emu businessu<\/p>\n<\/div>\n\n\n\n<div class=\"wp-block-column col-md-6 col-md-offset1 is-layout-flow wp-block-column-is-layout-flow\">\n<div style=\"height:55px\" aria-hidden=\"true\" class=\"wp-block-spacer\"><\/div>\n\n\n\n<figure class=\"wp-block-image size-large\"><img decoding=\"async\" src=\"http:\/\/silverdahl.cz\/wp-content\/themes\/hestia\/assets\/img\/about-content.png\" alt=\"\" class=\"wp-image-81\"\/><\/figure>\n\n\n\n<p><\/p>\n<\/div>\n<\/div>","protected":false},"excerpt":{"rendered":"<p>V\u00edce informac\u00ed Kontaktujete n\u00e1s a zjist\u011bte jak m\u016f\u017eeme b\u00fdt n\u00e1pomocni i Va\u0161emu businessu<\/p>","protected":false},"author":1,"featured_media":0,"parent":0,"menu_order":0,"comment_status":"closed","ping_status":"closed","template":"","meta":{"footnotes":""},"class_list":["post-15","page","type-page","status-publish","hentry"],"_links":{"self":[{"href":"https:\/\/silverdahl.cz\/en\/wp-json\/wp\/v2\/pages\/15","targetHints":{"allow":["GET"]}}],"collection":[{"href":"https:\/\/silverdahl.cz\/en\/wp-json\/wp\/v2\/pages"}],"about":[{"href":"https:\/\/silverdahl.cz\/en\/wp-json\/wp\/v2\/types\/page"}],"author":[{"embeddable":true,"href":"https:\/\/silverdahl.cz\/en\/wp-json\/wp\/v2\/users\/1"}],"replies":[{"embeddable":true,"href":"https:\/\/silverdahl.cz\/en\/wp-json\/wp\/v2\/comments?post=15"}],"version-history":[{"count":4,"href":"https:\/\/silverdahl.cz\/en\/wp-json\/wp\/v2\/pages\/15\/revisions"}],"predecessor-version":[{"id":137,"href":"https:\/\/silverdahl.cz\/en\/wp-json\/wp\/v2\/pages\/15\/revisions\/137"}],"wp:attachment":[{"href":"https:\/\/silverdahl.cz\/en\/wp-json\/wp\/v2\/media?parent=15"}],"curies":[{"name":"wp","href":"https:\/\/api.w.org\/{rel}","templated":true}]}}