{"id":113,"date":"2025-10-30T11:21:32","date_gmt":"2025-10-30T11:21:32","guid":{"rendered":"https:\/\/silverdahl.cz\/?page_id=113"},"modified":"2025-10-31T09:38:33","modified_gmt":"2025-10-31T09:38:33","slug":"reference","status":"publish","type":"page","link":"https:\/\/silverdahl.cz\/en\/reference\/","title":{"rendered":"Reference"},"content":{"rendered":"<div class=\"wp-block-group is-nowrap is-layout-flex wp-container-core-group-is-layout-6c531013 wp-block-group-is-layout-flex\">\n<p>Cooperation with Swiss company <strong>Courlux International SA<\/strong><\/p>\n\n\n\n<figure class=\"wp-block-image size-full is-resized\"><img loading=\"lazy\" decoding=\"async\" width=\"150\" height=\"53\" src=\"http:\/\/silverdahl.cz\/wp-content\/uploads\/2025\/10\/Courlux_150x150-1.jpg\" alt=\"\" class=\"wp-image-120\" style=\"width:159px;height:auto\" srcset=\"https:\/\/silverdahl.cz\/wp-content\/uploads\/2025\/10\/Courlux_150x150-1.jpg 150w, https:\/\/silverdahl.cz\/wp-content\/uploads\/2025\/10\/Courlux_150x150-1-18x6.jpg 18w\" sizes=\"auto, (max-width: 150px) 100vw, 150px\" \/><\/figure>\n<\/div>\n\n\n\n<div class=\"wp-block-group is-nowrap is-layout-flex wp-container-core-group-is-layout-6c531013 wp-block-group-is-layout-flex\">\n<p class=\"translation-block\">For more than 30 years, Silverdahl s.r.o. has been providing comprehensive service support for Swiss mail order company Courlux International SA, which operates in European markets in the field of mail order consumer goods.<\/p>\n<\/div>\n\n\n\n<div class=\"wp-block-group is-nowrap is-layout-flex wp-container-core-group-is-layout-6c531013 wp-block-group-is-layout-flex\">\n<p class=\"translation-block\">Our cooperation includes comprehensive outsourcing of customer service, marketing support, and logistics processes for the Czech, Slovak, Hungarian, and Polish markets.\nThanks to our many years of experience in customer communication management, database administration, and marketing campaign optimization, we are a reliable partner in ensuring the daily operations and development activities of Courlux.<\/p>\n<\/div>\n\n\n\n<p><span style=\"font-weight: normal\"><div class=\"sd-narrow\"><p>Our long-term cooperation with Courlux International SA confirms our ability to provide stable and professional services to international companies that want to successfully develop their activities in Central European markets.<\/p>\n\n\n\n<figure class=\"wp-block-image size-large\"><img loading=\"lazy\" decoding=\"async\" width=\"1024\" height=\"361\" src=\"http:\/\/silverdahl.cz\/wp-content\/uploads\/2025\/10\/kodan-10-2-1024x361.png\" alt=\"\" class=\"wp-image-160\" srcset=\"https:\/\/silverdahl.cz\/wp-content\/uploads\/2025\/10\/kodan-10-2-1024x361.png 1024w, https:\/\/silverdahl.cz\/wp-content\/uploads\/2025\/10\/kodan-10-2-300x106.png 300w, https:\/\/silverdahl.cz\/wp-content\/uploads\/2025\/10\/kodan-10-2-768x271.png 768w, https:\/\/silverdahl.cz\/wp-content\/uploads\/2025\/10\/kodan-10-2-1536x541.png 1536w, https:\/\/silverdahl.cz\/wp-content\/uploads\/2025\/10\/kodan-10-2-18x6.png 18w, https:\/\/silverdahl.cz\/wp-content\/uploads\/2025\/10\/kodan-10-2.png 1600w\" sizes=\"auto, (max-width: 1024px) 100vw, 1024px\" \/><\/figure>\n\n\n\n<p>Our services also include:<\/p>\n\n\n\n<ul class=\"wp-block-list\">\n<li><strong>customer center operation and training<\/strong><\/li>\n\n\n\n<li><strong>localization of marketing materials and campaigns<\/strong><\/li>\n\n\n\n<li><strong>warehouse and distribution process management<\/strong><\/li>\n\n\n\n<li class=\"translation-block\"><strong>performance analysis and reporting to headquarters abroad<\/li>\n<\/ul>","protected":false},"excerpt":{"rendered":"<p>Spolupr\u00e1ce se \u0161v\u00fdcarskou spole\u010dnost\u00ed Courlux International SA Spole\u010dnost Silverdahl s.r.o. zaji\u0161\u0165uje ji\u017e v\u00edce ne\u017e 30 let kompletn\u00ed servisn\u00ed podporu pro \u0161v\u00fdcarskou z\u00e1silkovou spole\u010dnost Courlux International SA, kter\u00e1 p\u016fsob\u00ed na evropsk\u00fdch trz\u00edch v oblasti z\u00e1silkov\u00e9ho obchodu se spot\u0159ebn\u00edm zbo\u017e\u00edm. Na\u0161e spolupr\u00e1ce zahrnuje komplexn\u00ed outsourcing z\u00e1kaznick\u00e9ho servisu, marketingov\u00e9 podpory a logistick\u00fdch proces\u016f pro \u010desk\u00fd, slovensk\u00fd, ma\u010farsk\u00fd a [&hellip;]<\/p>","protected":false},"author":1,"featured_media":0,"parent":0,"menu_order":0,"comment_status":"closed","ping_status":"closed","template":"","meta":{"footnotes":""},"class_list":["post-113","page","type-page","status-publish","hentry"],"_links":{"self":[{"href":"https:\/\/silverdahl.cz\/en\/wp-json\/wp\/v2\/pages\/113","targetHints":{"allow":["GET"]}}],"collection":[{"href":"https:\/\/silverdahl.cz\/en\/wp-json\/wp\/v2\/pages"}],"about":[{"href":"https:\/\/silverdahl.cz\/en\/wp-json\/wp\/v2\/types\/page"}],"author":[{"embeddable":true,"href":"https:\/\/silverdahl.cz\/en\/wp-json\/wp\/v2\/users\/1"}],"replies":[{"embeddable":true,"href":"https:\/\/silverdahl.cz\/en\/wp-json\/wp\/v2\/comments?post=113"}],"version-history":[{"count":8,"href":"https:\/\/silverdahl.cz\/en\/wp-json\/wp\/v2\/pages\/113\/revisions"}],"predecessor-version":[{"id":163,"href":"https:\/\/silverdahl.cz\/en\/wp-json\/wp\/v2\/pages\/113\/revisions\/163"}],"wp:attachment":[{"href":"https:\/\/silverdahl.cz\/en\/wp-json\/wp\/v2\/media?parent=113"}],"curies":[{"name":"wp","href":"https:\/\/api.w.org\/{rel}","templated":true}]}}